{"id":22,"date":"2024-09-19T11:42:12","date_gmt":"2024-09-19T09:42:12","guid":{"rendered":"https:\/\/ar-men.it\/www\/?page_id=22"},"modified":"2024-09-23T16:24:19","modified_gmt":"2024-09-23T14:24:19","slug":"mission","status":"publish","type":"page","link":"https:\/\/ar-men.it\/www\/mission\/","title":{"rendered":""},"content":{"rendered":"\n<p class=\"has-background\" style=\"background-color:#e9f2f2\">Missione di <strong>AR-MEN<\/strong> \u00e8 la realizzazione di <strong>interventi e sistemi formativi<\/strong> che siano effettivistrumenti di lavoro o di conoscenza e che siano sempre caratterizzati da:<\/p>\n\n\n\n<p class=\"has-background\" style=\"background-color:#e9f2f2\">-chiarezza nel linguaggio;<\/p>\n\n\n\n<p class=\"has-background\" style=\"background-color:#e9f2f2\">-facilit\u00e0 di impiego;<\/p>\n\n\n\n<p class=\"has-background\" style=\"background-color:#e9f2f2\">-attenta calibrazione sulle caratteristiche dei destinatari.<\/p>\n\n\n\n<p>Ci\u00f2 avviene attraverso la realizzazione di:<br><\/p>\n\n\n\n<ul class=\"wp-block-list\">\n<li><strong>interventi formativi tradizionali<\/strong> con lezioni di tipo frontale o di comunicazione sincrona, ma sopratutto di:<\/li>\n<\/ul>\n\n\n\n<ul class=\"wp-block-list\">\n<li><strong>pacchetti didattici digitalizzati<\/strong> che, avvalendosi di moderne tecnologie di comunicazione e divulgazione, abbiano caratteristiche di specificit\u00e0 e personalizzazione, fruibili in maniera veloce anche secondo modalit\u00e0 di asincronia, facilmente riproducibili e aggiornabili, per rendere la formazione gestita con continuit\u00e0, in maniera funzionale ed autonoma.<\/li>\n<\/ul>\n","protected":false},"excerpt":{"rendered":"<p>Missione di AR-MEN \u00e8 la realizzazione di interventi e sistemi formativi che siano effettivistrumenti di lavoro o di conoscenza e che siano sempre caratterizzati da: -chiarezza nel linguaggio; -facilit\u00e0 di impiego; -attenta calibrazione sulle caratteristiche dei destinatari. Ci\u00f2 avviene attraverso la realizzazione di:<\/p>\n","protected":false},"author":1,"featured_media":8,"parent":0,"menu_order":0,"comment_status":"closed","ping_status":"closed","template":"","meta":{"footnotes":""},"class_list":["post-22","page","type-page","status-publish","has-post-thumbnail","hentry"],"_links":{"self":[{"href":"https:\/\/ar-men.it\/www\/wp-json\/wp\/v2\/pages\/22","targetHints":{"allow":["GET"]}}],"collection":[{"href":"https:\/\/ar-men.it\/www\/wp-json\/wp\/v2\/pages"}],"about":[{"href":"https:\/\/ar-men.it\/www\/wp-json\/wp\/v2\/types\/page"}],"author":[{"embeddable":true,"href":"https:\/\/ar-men.it\/www\/wp-json\/wp\/v2\/users\/1"}],"replies":[{"embeddable":true,"href":"https:\/\/ar-men.it\/www\/wp-json\/wp\/v2\/comments?post=22"}],"version-history":[{"count":3,"href":"https:\/\/ar-men.it\/www\/wp-json\/wp\/v2\/pages\/22\/revisions"}],"predecessor-version":[{"id":279,"href":"https:\/\/ar-men.it\/www\/wp-json\/wp\/v2\/pages\/22\/revisions\/279"}],"wp:featuredmedia":[{"embeddable":true,"href":"https:\/\/ar-men.it\/www\/wp-json\/wp\/v2\/media\/8"}],"wp:attachment":[{"href":"https:\/\/ar-men.it\/www\/wp-json\/wp\/v2\/media?parent=22"}],"curies":[{"name":"wp","href":"https:\/\/api.w.org\/{rel}","templated":true}]}}